{"id":6570346,"date":"2022-06-26T15:34:08","date_gmt":"2022-06-26T13:34:08","guid":{"rendered":"https:\/\/www.bj-coffee.ch\/produit\/jura-we8\/"},"modified":"2022-11-23T11:33:26","modified_gmt":"2022-11-23T10:33:26","slug":"jura-we8-2","status":"publish","type":"product","link":"https:\/\/www.bj-coffee.ch\/en\/produit\/jura-we8-2\/","title":{"rendered":"Jura WE8"},"content":{"rendered":"<p>Machine \u00e0 caf\u00e9 automatique avec syst\u00e8me de lait<\/p>\n<div>Machines \u00e0 grain Machines Jura 1 pi\u00e8ce MACHINE<\/div>\n","protected":false},"excerpt":{"rendered":"<p>Machine \u00e0 caf\u00e9 automatique avec syst\u00e8me de lait<\/p>\n","protected":false},"featured_media":6621794,"template":"","meta":{"_acf_changed":false},"product_brand":[],"product_cat":[18],"product_tag":[],"class_list":{"0":"post-6570346","1":"product","2":"type-product","3":"status-publish","4":"has-post-thumbnail","6":"product_cat-non-classe","8":"first","9":"instock","10":"taxable","11":"shipping-taxable","12":"purchasable","13":"product-type-simple"},"acf":[],"_links":{"self":[{"href":"https:\/\/www.bj-coffee.ch\/en\/wp-json\/wp\/v2\/product\/6570346","targetHints":{"allow":["GET"]}}],"collection":[{"href":"https:\/\/www.bj-coffee.ch\/en\/wp-json\/wp\/v2\/product"}],"about":[{"href":"https:\/\/www.bj-coffee.ch\/en\/wp-json\/wp\/v2\/types\/product"}],"wp:featuredmedia":[{"embeddable":true,"href":"https:\/\/www.bj-coffee.ch\/en\/wp-json\/wp\/v2\/media\/6621794"}],"wp:attachment":[{"href":"https:\/\/www.bj-coffee.ch\/en\/wp-json\/wp\/v2\/media?parent=6570346"}],"wp:term":[{"taxonomy":"product_brand","embeddable":true,"href":"https:\/\/www.bj-coffee.ch\/en\/wp-json\/wp\/v2\/product_brand?post=6570346"},{"taxonomy":"product_cat","embeddable":true,"href":"https:\/\/www.bj-coffee.ch\/en\/wp-json\/wp\/v2\/product_cat?post=6570346"},{"taxonomy":"product_tag","embeddable":true,"href":"https:\/\/www.bj-coffee.ch\/en\/wp-json\/wp\/v2\/product_tag?post=6570346"}],"curies":[{"name":"wp","href":"https:\/\/api.w.org\/{rel}","templated":true}]}}