{"id":6630561,"date":"2023-08-31T08:22:24","date_gmt":"2023-08-31T06:22:24","guid":{"rendered":"https:\/\/www.bj-coffee.ch\/rechtliche-hinweise\/"},"modified":"2023-08-31T08:22:24","modified_gmt":"2023-08-31T06:22:24","slug":"rechtliche-hinweise","status":"publish","type":"page","link":"https:\/\/www.bj-coffee.ch\/de\/rechtliche-hinweise\/","title":{"rendered":"Rechtliche Hinweise"},"content":{"rendered":"<h2 class=\"wp-block-heading  \">Allgemeine Informationen<\/h2><p>Dieses Dokument stellt den rechtlichen Hinweis dar, der die Nutzung der Website https:\/\/www.bj-coffee.ch (nachfolgend als &#8218;die Website&#8216; bezeichnet) regelt. Bitte lesen Sie diese rechtlichen Hinweise sorgf\u00e4ltig durch, bevor Sie die Website durchsuchen oder verwenden. Durch den Zugriff auf die Website oder deren Nutzung erkl\u00e4ren Sie sich mit diesen rechtlichen Hinweisen einverstanden. Wenn Sie diesen Bedingungen nicht zustimmen, stellen Sie die Nutzung der Website bitte sofort ein.<\/p><h2 class=\"wp-block-heading  \">Website-Inhaber<\/h2><p>Die Website geh\u00f6rt und wird betrieben von bj office & coffee SA (nachfolgend als &#8218;der Inhaber&#8216; bezeichnet). Die Kontaktdaten des Inhabers lauten wie folgt:<\/p><p>bj office & coffee SA<br>Rue Boissonnas 22<br \/>\r\nCH-1227 Les Acacias \u00b7 Gen\u00e8ve, Schweiz<br>info@bj-officecoffee.ch<\/p><h2 class=\"wp-block-heading  \">Hosting<\/h2><p>Die Website wird von Infomaniak (nachfolgend als &#8218;der Host&#8216; bezeichnet) gehostet. Die Kontaktdaten des Hosts lauten wie folgt:<\/p><p>Infomaniak<\/p><h2 class=\"wp-block-heading  \">Website-Inhalt<\/h2><p>Alle Marken, Fotografien, Texte, Kommentare, Illustrationen, animierten oder nicht animierten Bilder, Video-Sequenzen, Kl\u00e4nge sowie alle Computeranwendungen, die zur Betreibung dieser Website verwendet werden k\u00f6nnen, und generell alle Elemente, die auf der Website reproduziert oder verwendet werden, sind durch die geltenden Gesetze zum geistigen Eigentum gesch\u00fctzt.<\/p><p>Sie sind das uneingeschr\u00e4nkte und ausschlie\u00dfliche Eigentum des Herausgebers oder seiner Partner. Jede Reproduktion, Pr\u00e4sentation, Verwendung oder Anpassung, in jeglicher Form, von allen oder Teilen dieser Elemente, einschlie\u00dflich Computeranwendungen, ohne die vorherige schriftliche Zustimmung des Herausgebers, ist strengstens untersagt. Die Tatsache, dass der Herausgeber bei Kenntnisnahme solcher unbefugter Verwendungen keine rechtlichen Schritte einleitet, stellt keine Akzeptanz dieser Verwendungen dar und verzichtet nicht auf das Recht, rechtliche Schritte einzuleiten.<\/p><p>Der gesamte Inhalt dieser Website darf ohne vorherige schriftliche Zustimmung nicht in irgendeiner Form oder Medium verwendet und\/oder reproduziert werden. Die auf dieser Website erscheinenden Logos und Marken sind gesch\u00fctzt und d\u00fcrfen ohne Genehmigung nicht reproduziert oder verwendet werden.<\/p><p>Die Erstellung von Hypertext-Links zu dieser Website darf nur mit der vorherigen schriftlichen Zustimmung des Herausgebers erfolgen, der jede Verantwortung f\u00fcr den Inhalt von Websites, die mit dieser Website verlinkt sind, ungeachtet ihrer Art, ablehnt.<\/p><h2 class=\"wp-block-heading  \">Personenbezogene Daten<\/h2><p>Sie haben das Recht, auf Ihre personenbezogenen Daten zuzugreifen, diese zu korrigieren und zu l\u00f6schen. Sie k\u00f6nnen dieses Recht aus\u00fcben, indem Sie uns einen Brief an die folgende Adresse senden: info@bj-officecoffee.ch.<\/p><h2 class=\"wp-block-heading  \">Geistiges Eigentum<\/h2><p>Der gesamte Inhalt dieser Website ist Eigentum des Herausgebers und darf ohne vorherige schriftliche Zustimmung nicht in irgendeiner Form oder Medium verwendet und\/oder reproduziert werden. Die auf dieser Website erscheinenden Logos und Marken sind gesch\u00fctzt und d\u00fcrfen ohne Genehmigung nicht reproduziert oder verwendet werden.<\/p><p>Die Erstellung von Hypertext-Links zu dieser Website darf nur mit der vorherigen schriftlichen Zustimmung des Herausgebers erfolgen, der jede Verantwortung f\u00fcr den Inhalt von Websites, die mit dieser Website verlinkt sind, ungeachtet ihrer Art, ablehnt.<\/p><h2 class=\"wp-block-heading  \">Cookies<\/h2><p>Der Herausgeber beh\u00e4lt sich das Recht vor, bei Verbindung Cookies an den Computer des Nutzers zu senden. Diese Cookies sind Dateien, die das Speichern von Informationen erm\u00f6glichen, die mit dem Browsen des Computers auf der Website zusammenh\u00e4ngen. Der Besucher kann der Speicherung von Cookies widersprechen, indem er seinen Computer entsprechend konfiguriert.<\/p><h2 class=\"wp-block-heading  \">Verantwortung<\/h2><p>bj office & coffee SA lehnt jegliche Verantwortung f\u00fcr die Verwendung ab, die von den auf ihrer Website verbreiteten Informationen gemacht werden kann. Der Inhalt der Website kann technische Ungenauigkeiten, typografische Fehler oder Auslassungen enthalten. Dieser Inhalt kann ohne Vorank\u00fcndigung ge\u00e4ndert oder aktualisiert werden. Die potenziellen Hypertext-Links auf der Website, die Benutzer zu anderen Websites f\u00fchren, setzen die Verantwortung des Inhabers in Bezug auf den Inhalt anderer Websites nicht voraus. bj office & coffee SA haftet nicht f\u00fcr direkte oder indirekte Sch\u00e4den, die sich aus der Verbreitung eines Virus durch Dritte \u00fcber unsere Website ergeben k\u00f6nnten und den Computer des Nutzers infizieren k\u00f6nnten Computersystem oder Computerkonfiguration als Folge von Verbindung, Nutzung, Browsen oder Herunterladen von dieser Website.<\/p><p>Der Herausgeber haftet nicht im Falle von Ausfall, St\u00f6rung, Schwierigkeit oder Unterbrechung des Betriebs, die den Zugriff auf die Website oder eine ihrer Funktionen verhindert.<\/p><p>Die zur Verbindung mit der Website verwendete Ausr\u00fcstung liegt in Ihrer Verantwortung. Sie m\u00fcssen alle geeigneten Ma\u00dfnahmen ergreifen, um Ihre Ausr\u00fcstung und Ihre eigenen Daten, insbesondere vor Internet-Virenangriffen, zu sch\u00fctzen. Dar\u00fcber hinaus sind Sie allein f\u00fcr die Websites und Daten verantwortlich, auf die Sie zugreifen.<\/p><p>Der Herausgeber kann im Falle rechtlicher Schritte gegen Sie nicht zur Verantwortung gezogen werden:<\/p><ul class=\"wp-block-list\">\r\n                      <li>aufgrund der Nutzung der Website oder eines \u00fcber das Internet zug\u00e4nglichen Dienstes<\/li>\r\n                        <li>aufgrund Ihrer Nichteinhaltung dieser rechtlichen Hinweise<\/li>\r\n                    <\/ul><p>Der Herausgeber haftet nicht f\u00fcr Sch\u00e4den, die Ihnen, Dritten und\/oder Ihrer Ausr\u00fcstung durch Ihre Verbindung oder Nutzung der Website entstehen, und Sie verzichten in dieser Hinsicht auf Anspr\u00fcche gegen den Herausgeber.<\/p><p>Wenn der Herausgeber aufgrund Ihrer Nutzung der Website Gegenstand eines freundschaftlichen oder rechtlichen Verfahrens wird, kann der Herausgeber von Ihnen Entsch\u00e4digung f\u00fcr Sch\u00e4den, Betr\u00e4ge, Verurteilungen und Ausgaben verlangen, die aus einem solchen Verfahren entstehen k\u00f6nnen.<\/p><h2 class=\"wp-block-heading  \">Externe Links<\/h2><p>Die Website kann Links zu Websites von Drittanbietern enthalten. Diese Links dienen nur Informationszwecken. Der Inhaber hat keine Kontrolle \u00fcber den Inhalt dieser Websites und lehnt jede Verantwortung f\u00fcr deren Inhalt, Richtigkeit oder Rechtm\u00e4\u00dfigkeit ab. Die Aufnahme von Links zu Websites von Drittanbietern impliziert keine Unterst\u00fctzung oder Verbindung mit diesen Websites.<\/p><h2 class=\"wp-block-heading  \">\u00c4nderungen der rechtlichen Hinweise<\/h2><p>Der Inhaber beh\u00e4lt sich das Recht vor, diese rechtlichen Hinweise jederzeit und ohne Vorank\u00fcndigung zu \u00e4ndern. Die \u00c4nderungen werden mit ihrer Ver\u00f6ffentlichung auf der Website wirksam. Es liegt in Ihrer Verantwortung, die rechtlichen Hinweise regelm\u00e4\u00dfig zu konsultieren, um \u00fcber etwaige \u00c4nderungen informiert zu bleiben.<\/p><h2 class=\"wp-block-heading  \">Anwendbares Recht und Gerichtsstand<\/h2><p>These legal notices are governed by the laws in force in Schweiz. Any dispute arising from the use of the Site shall be subject to the exclusive jurisdiction of the competent courts of Schweiz.<\/p><p>Wenn Sie Fragen zu diesen rechtlichen Hinweisen haben, kontaktieren Sie uns bitte unter folgender E-Mail-Adresse: info@bj-officecoffee.ch.<\/p><p>Zuletzt aktualisiert: 31 August 2023.<\/p>","protected":false},"excerpt":{"rendered":"<p>Allgemeine Informationen Dieses Dokument stellt den rechtlichen Hinweis dar, der die Nutzung der Website (nachfolgend als &#8218;die Website&#8216; bezeichnet) regelt. Bitte lesen Sie diese rechtlichen Hinweise sorgf\u00e4ltig durch, bevor Sie die Website durchsuchen oder verwenden. Durch den Zugriff auf die Website oder deren Nutzung erkl\u00e4ren Sie sich mit diesen rechtlichen Hinweisen einverstanden. Wenn Sie diesen [&hellip;]<\/p>\n","protected":false},"author":109,"featured_media":0,"parent":0,"menu_order":0,"comment_status":"closed","ping_status":"closed","template":"page-templates\/template-page-base.php","meta":{"_acf_changed":false,"footnotes":""},"class_list":["post-6630561","page","type-page","status-publish","hentry"],"acf":[],"_links":{"self":[{"href":"https:\/\/www.bj-coffee.ch\/de\/wp-json\/wp\/v2\/pages\/6630561","targetHints":{"allow":["GET"]}}],"collection":[{"href":"https:\/\/www.bj-coffee.ch\/de\/wp-json\/wp\/v2\/pages"}],"about":[{"href":"https:\/\/www.bj-coffee.ch\/de\/wp-json\/wp\/v2\/types\/page"}],"author":[{"embeddable":true,"href":"https:\/\/www.bj-coffee.ch\/de\/wp-json\/wp\/v2\/users\/109"}],"replies":[{"embeddable":true,"href":"https:\/\/www.bj-coffee.ch\/de\/wp-json\/wp\/v2\/comments?post=6630561"}],"version-history":[{"count":0,"href":"https:\/\/www.bj-coffee.ch\/de\/wp-json\/wp\/v2\/pages\/6630561\/revisions"}],"wp:attachment":[{"href":"https:\/\/www.bj-coffee.ch\/de\/wp-json\/wp\/v2\/media?parent=6630561"}],"curies":[{"name":"wp","href":"https:\/\/api.w.org\/{rel}","templated":true}]}}